{"id":36456,"date":"2016-06-27T16:18:26","date_gmt":"2016-06-27T19:18:26","guid":{"rendered":"http:\/\/www.marciaweinzettl.com.br\/?page_id=36456"},"modified":"2016-07-27T15:55:56","modified_gmt":"2016-07-27T18:55:56","slug":"depoimentos","status":"publish","type":"page","link":"https:\/\/www.marciaweinzettl.com.br\/en\/depoimentos\/","title":{"rendered":"Testimonials"},"content":{"rendered":"<p>[vc_row][vc_column]<style type=\"text\/css\">#dt-btn-2:hover {background: #b0d695;}<\/style><a href=\"http:\/\/www.marciaweinzettl.com.br\/en\/quem-sou\/\" class=\"btn-shortcode dt-btn-m dt-btn default-btn-color default-btn-hover-color default-btn-bg-color\" id=\"dt-btn-2\"><span>About M\u00e1rcia Weinzettl<\/span><\/a>[vc_empty_space][vc_separator][\/vc_column][\/vc_row][vc_row][vc_column]<div class=\"wf-container loading-effect-none iso-container\" data-padding=\"20px\" data-cur-page=\"1\" data-width=\"370px\" data-columns=\"2\">\n<div class=\"wf-cell iso-item\" data-post-id=\"36499\" data-date=\"2016-07-10T20:00:05+00:00\" data-name=\"Lu\u00eds F\u00e1bio Silveira\">\n\t<div class=\"testimonial-item\">\n\t\t<article>\n\t<div class=\"testimonial-content\">\n\t\t<p>A cria\u00e7\u00e3o em cativeiro \u00e9 hoje uma atividade importante, n\u00e3o s\u00f3 para diminuir a press\u00e3o do tr\u00e1fico sobre os estoques selvagens, mas tamb\u00e9m na produ\u00e7\u00e3o de animais bem adaptados ao cativeiro, onde o manejo \u00e9 mais f\u00e1cil e a as aves assim reproduzidas tem uma qualidade de vida muito melhor. Desta forma, destaco o excelente trabalho da M\u00e1rcia. Sua dedica\u00e7\u00e3o e empenho no manejo e na reprodu\u00e7\u00e3o de aves silvestres, especialmente as brasileiras, tem feito a diferen\u00e7a e as centenas, talvez milhares de aves criadas por ela s\u00e3o as testemunhas vivas deste importante trabalho<\/p>\n\t<\/div>\n\t<div class=\"testimonial-vcard\">\n\t\t<div class=\"testimonial-thumbnail\">\n\t\t\t<span class=\"alignleft layzr-bg\"><img decoding=\"async\" class=\"preload-me iso-lazy-load aspect\" src=\"data:image\/svg+xml,%3Csvg%20xmlns%3D&#39;http%3A%2F%2Fwww.w3.org%2F2000%2Fsvg&#39;%20viewBox%3D&#39;0%200%2060%2060&#39;%2F%3E\" data-src=\"https:\/\/www.marciaweinzettl.com.br\/wp-content\/uploads\/2016\/07\/Dr-Luis-Fabio-60x60.jpg\" data-srcset=\"https:\/\/www.marciaweinzettl.com.br\/wp-content\/uploads\/2016\/07\/Dr-Luis-Fabio-60x60.jpg 60w, https:\/\/www.marciaweinzettl.com.br\/wp-content\/uploads\/2016\/07\/Dr-Luis-Fabio-120x120.jpg 120w\" loading=\"eager\" style=\"--ratio: 60 \/ 60\" sizes=\"(max-width: 60px) 100vw, 60px\" width=\"60\" height=\"60\"  title=\"Dr-Luis-Fabio\" alt=\"\" \/><\/span>\t\t<\/div>\n\t\t<div class=\"testimonial-desc\">\n\t\t\t<span class=\"text-primary\">Lu\u00eds F\u00e1bio Silveira<\/span><span class=\"text-secondary color-secondary\">Curador das cole\u00e7\u00f5es ornitol\u00f3gicas - Museu de Zoologia da Universidade de S\u00e3o Paulo (foto: Edson Endrigo)<\/span>\t\t<\/div>\n\t<\/div>\n<\/article>\n\t<\/div>\n\n<\/div>\n<div class=\"wf-cell iso-item\" data-post-id=\"36466\" data-date=\"2016-07-10T16:27:58+00:00\" data-name=\"Tony Silva\">\n\t<div class=\"testimonial-item\">\n\t\t<article>\n\t<div class=\"testimonial-content\">\n\t\t<p>The epitome of a great Aviculturist are defined as professionalism, understanding of bird biology and an observant eye. These words describe Marcia Weinzettl perfectly<\/p>\n\t<\/div>\n\t<div class=\"testimonial-vcard\">\n\t\t<div class=\"testimonial-thumbnail\">\n\t\t\t<span class=\"alignleft layzr-bg\"><img decoding=\"async\" class=\"preload-me iso-lazy-load aspect\" src=\"data:image\/svg+xml,%3Csvg%20xmlns%3D&#39;http%3A%2F%2Fwww.w3.org%2F2000%2Fsvg&#39;%20viewBox%3D&#39;0%200%2060%2060&#39;%2F%3E\" data-src=\"https:\/\/www.marciaweinzettl.com.br\/wp-content\/uploads\/2016\/06\/FotoTonySilva-60x60.jpg\" data-srcset=\"https:\/\/www.marciaweinzettl.com.br\/wp-content\/uploads\/2016\/06\/FotoTonySilva-60x60.jpg 60w, https:\/\/www.marciaweinzettl.com.br\/wp-content\/uploads\/2016\/06\/FotoTonySilva-120x120.jpg 120w\" loading=\"eager\" style=\"--ratio: 60 \/ 60\" sizes=\"(max-width: 60px) 100vw, 60px\" width=\"60\" height=\"60\"  title=\"FotoTonySilva\" alt=\"\" \/><\/span>\t\t<\/div>\n\t\t<div class=\"testimonial-desc\">\n\t\t\t<span class=\"text-primary\">Tony Silva<\/span><span class=\"text-secondary color-secondary\">Ornithologist, aviculturist and author of 8 books just published and more then 400 articles, USA<\/span>\t\t<\/div>\n\t<\/div>\n<\/article>\n\t<\/div>\n\n<\/div>\n<div class=\"wf-cell iso-item\" data-post-id=\"36672\" data-date=\"2016-07-10T15:59:24+00:00\" data-name=\"Andr\u00e9 Ismerim\">\n\t<div class=\"testimonial-item\">\n\t\t<article>\n\t<div class=\"testimonial-content\">\n\t\t<p>Acompanho o trabalho da M\u00e1rcia h\u00e1 alguns anos, e em 2012 firmamos uma parceria que ser\u00e1 pra sempre, sua compet\u00eancia e conhecimento tem reconhecimento internacional. Para mim \u00e9 uma honra t\u00ea-la como uma parceira em meus empreendimentos, e sua amizade.<\/p>\n\t<\/div>\n\t<div class=\"testimonial-vcard\">\n\t\t<div class=\"testimonial-thumbnail\">\n\t\t\t<span class=\"alignleft layzr-bg\"><img decoding=\"async\" class=\"preload-me iso-lazy-load aspect\" src=\"data:image\/svg+xml,%3Csvg%20xmlns%3D&#39;http%3A%2F%2Fwww.w3.org%2F2000%2Fsvg&#39;%20viewBox%3D&#39;0%200%2060%2060&#39;%2F%3E\" data-src=\"https:\/\/www.marciaweinzettl.com.br\/wp-content\/uploads\/2016\/07\/Andre-Ismerim-1-60x60.jpg\" data-srcset=\"https:\/\/www.marciaweinzettl.com.br\/wp-content\/uploads\/2016\/07\/Andre-Ismerim-1-60x60.jpg 60w, https:\/\/www.marciaweinzettl.com.br\/wp-content\/uploads\/2016\/07\/Andre-Ismerim-1-120x120.jpg 120w\" loading=\"eager\" style=\"--ratio: 60 \/ 60\" sizes=\"(max-width: 60px) 100vw, 60px\" width=\"60\" height=\"60\"  title=\"Andre Ismerim-1\" alt=\"\" \/><\/span>\t\t<\/div>\n\t\t<div class=\"testimonial-desc\">\n\t\t\t<span class=\"text-primary\">Andr\u00e9 Ismerim<\/span><span class=\"text-secondary color-secondary\">ACPERJ&amp;BR e Revista P\u00e1ss. Ex\u00f3ticos<\/span>\t\t<\/div>\n\t<\/div>\n<\/article>\n\t<\/div>\n\n<\/div>\n<div class=\"wf-cell iso-item\" data-post-id=\"36509\" data-date=\"2016-06-27T20:07:14+00:00\" data-name=\"Donatella Zanca\">\n\t<div class=\"testimonial-item\">\n\t\t<article>\n\t<div class=\"testimonial-content\">\n\t\t<p>Amamos el trabajo que estas realizando, fue un placer tenerte como responsable tecnica en Papagaios Urbanos<\/p>\n\t<\/div>\n\t<div class=\"testimonial-vcard\">\n\t\t<div class=\"testimonial-thumbnail\">\n\t\t\t<span class=\"alignleft layzr-bg\"><img decoding=\"async\" class=\"preload-me iso-lazy-load aspect\" src=\"data:image\/svg+xml,%3Csvg%20xmlns%3D&#39;http%3A%2F%2Fwww.w3.org%2F2000%2Fsvg&#39;%20viewBox%3D&#39;0%200%2060%2060&#39;%2F%3E\" data-src=\"https:\/\/www.marciaweinzettl.com.br\/wp-content\/uploads\/2016\/06\/Donna-60x60.jpeg\" data-srcset=\"https:\/\/www.marciaweinzettl.com.br\/wp-content\/uploads\/2016\/06\/Donna-60x60.jpeg 60w, https:\/\/www.marciaweinzettl.com.br\/wp-content\/uploads\/2016\/06\/Donna-120x120.jpeg 120w\" loading=\"eager\" style=\"--ratio: 60 \/ 60\" sizes=\"(max-width: 60px) 100vw, 60px\" width=\"60\" height=\"60\"  title=\"Donna\" alt=\"\" \/><\/span>\t\t<\/div>\n\t\t<div class=\"testimonial-desc\">\n\t\t\t<span class=\"text-primary\">Donatella Zanca<\/span><span class=\"text-secondary color-secondary\">Criadouro Comercial Papagaios Urbanos - RJ<\/span>\t\t<\/div>\n\t<\/div>\n<\/article>\n\t<\/div>\n\n<\/div>\n<div class=\"wf-cell iso-item\" data-post-id=\"36505\" data-date=\"2016-06-27T20:02:41+00:00\" data-name=\"Sudip Guria\">\n\t<div class=\"testimonial-item\">\n\t\t<article>\n\t<div class=\"testimonial-content\">\n\t\t<p>Marcia&#8217;s Knowlegde on complex artificial incubation to practical presence of mind to solve day to day challenges of Parrot Breeding is superb\/ unparallel<\/p>\n\t<\/div>\n\t<div class=\"testimonial-vcard\">\n\t\t<div class=\"testimonial-thumbnail\">\n\t\t\t<span class=\"alignleft layzr-bg\"><img decoding=\"async\" class=\"preload-me iso-lazy-load aspect\" src=\"data:image\/svg+xml,%3Csvg%20xmlns%3D&#39;http%3A%2F%2Fwww.w3.org%2F2000%2Fsvg&#39;%20viewBox%3D&#39;0%200%2060%2060&#39;%2F%3E\" data-src=\"https:\/\/www.marciaweinzettl.com.br\/wp-content\/uploads\/2016\/06\/Sudip-Guria-Singapore-60x60.jpg\" data-srcset=\"https:\/\/www.marciaweinzettl.com.br\/wp-content\/uploads\/2016\/06\/Sudip-Guria-Singapore-60x60.jpg 60w, https:\/\/www.marciaweinzettl.com.br\/wp-content\/uploads\/2016\/06\/Sudip-Guria-Singapore-120x120.jpg 120w\" loading=\"eager\" style=\"--ratio: 60 \/ 60\" sizes=\"(max-width: 60px) 100vw, 60px\" width=\"60\" height=\"60\"  title=\"Sudip Guria- Singapore\" alt=\"\" \/><\/span>\t\t<\/div>\n\t\t<div class=\"testimonial-desc\">\n\t\t\t<span class=\"text-primary\">Sudip Guria<\/span><span class=\"text-secondary color-secondary\">Breeder, Kolkata, India<\/span>\t\t<\/div>\n\t<\/div>\n<\/article>\n\t<\/div>\n\n<\/div>\n<div class=\"wf-cell iso-item\" data-post-id=\"36502\" data-date=\"2016-06-27T20:01:25+00:00\" data-name=\"Ricardo Andrade\">\n\t<div class=\"testimonial-item\">\n\t\t<article>\n\t<div class=\"testimonial-content\">\n\t\t<p>M\u00e1rcia \u00e9 uma profissional competente e que acima de tudo ama e respeita os animais e seu com\u00e9rcio legalizado. Hoje em dia,com o grande n\u00famero de aves silvestres que morrem em raz\u00e3o do tr\u00e1fico, ter uma pessoa engajada no auxilio e suporte de criat\u00f3rios no nosso pa\u00eds \u00e9 exemplo para muitas pessoas. M\u00e1rcia est\u00e1 sempre disposta a conversar e explicar sobre o manejo das aves, seja voc\u00ea um curioso, um cliente (meu caso) ou um criador. Obrigado por me enviar uma ave saud\u00e1vel e estar sempre presente quando preciso de dicas e ajuda nesses 6 anos em que nos conhecemos<\/p>\n\t<\/div>\n\t<div class=\"testimonial-vcard\">\n\t\t<div class=\"testimonial-thumbnail\">\n\t\t\t<span class=\"alignleft layzr-bg\"><img decoding=\"async\" class=\"preload-me iso-lazy-load aspect\" src=\"data:image\/svg+xml,%3Csvg%20xmlns%3D&#39;http%3A%2F%2Fwww.w3.org%2F2000%2Fsvg&#39;%20viewBox%3D&#39;0%200%2060%2060&#39;%2F%3E\" data-src=\"https:\/\/www.marciaweinzettl.com.br\/wp-content\/uploads\/2016\/06\/FotoRicardoAndrade-60x60.jpg\" data-srcset=\"https:\/\/www.marciaweinzettl.com.br\/wp-content\/uploads\/2016\/06\/FotoRicardoAndrade-60x60.jpg 60w, https:\/\/www.marciaweinzettl.com.br\/wp-content\/uploads\/2016\/06\/FotoRicardoAndrade-120x120.jpg 120w\" loading=\"eager\" style=\"--ratio: 60 \/ 60\" sizes=\"(max-width: 60px) 100vw, 60px\" width=\"60\" height=\"60\"  title=\"FotoRicardoAndrade\" alt=\"\" \/><\/span>\t\t<\/div>\n\t\t<div class=\"testimonial-desc\">\n\t\t\t<span class=\"text-primary\">Ricardo Andrade<\/span><span class=\"text-secondary color-secondary\">Cliente SP - Propriet\u00e1rio do Theo - Marianinha de cabe\u00e7a amarela adquirida em 2010<\/span>\t\t<\/div>\n\t<\/div>\n<\/article>\n\t<\/div>\n\n<\/div>\n<div class=\"wf-cell iso-item\" data-post-id=\"36496\" data-date=\"2016-06-27T19:57:21+00:00\" data-name=\"Ricardo Sobrino\">\n\t<div class=\"testimonial-item\">\n\t\t<article>\n\t<div class=\"testimonial-content\">\n\t\t<p><em>Os seus escritos na nosa publicaci\u00f3n, mostran ser de grande utilidade para os nosos lectores. As suas pautas son seguidas por muitos deles con excelente resultado. Os seus artigos son incluso recomendados entre os criadores nas redes sociales. Sempre estamos esperando as suas notas con impacencia pra ser publicadas<\/em><\/p>\n\t<\/div>\n\t<div class=\"testimonial-vcard\">\n\t\t<div class=\"testimonial-thumbnail\">\n\t\t\t<span class=\"alignleft layzr-bg\"><img decoding=\"async\" class=\"preload-me iso-lazy-load aspect\" src=\"data:image\/svg+xml,%3Csvg%20xmlns%3D&#39;http%3A%2F%2Fwww.w3.org%2F2000%2Fsvg&#39;%20viewBox%3D&#39;0%200%2060%2060&#39;%2F%3E\" data-src=\"https:\/\/www.marciaweinzettl.com.br\/wp-content\/uploads\/2016\/06\/Ricardo-Sobrino-60x60.jpg\" data-srcset=\"https:\/\/www.marciaweinzettl.com.br\/wp-content\/uploads\/2016\/06\/Ricardo-Sobrino-60x60.jpg 60w, https:\/\/www.marciaweinzettl.com.br\/wp-content\/uploads\/2016\/06\/Ricardo-Sobrino-120x120.jpg 120w\" loading=\"eager\" style=\"--ratio: 60 \/ 60\" sizes=\"(max-width: 60px) 100vw, 60px\" width=\"60\" height=\"60\"  title=\"Ricardo-Sobrino\" alt=\"\" \/><\/span>\t\t<\/div>\n\t\t<div class=\"testimonial-desc\">\n\t\t\t<span class=\"text-primary\">Ricardo Sobrino<\/span><span class=\"text-secondary color-secondary\">Coeditor de Aviornis Internacional Ib\u00e9rica<\/span>\t\t<\/div>\n\t<\/div>\n<\/article>\n\t<\/div>\n\n<\/div>\n<div class=\"wf-cell iso-item\" data-post-id=\"36459\" data-date=\"2016-06-27T16:22:22+00:00\" data-name=\"Bruno Martins\">\n\t<div class=\"testimonial-item\">\n\t\t<article>\n\t<div class=\"testimonial-content\">\n\t\t<p>Excelente profissional, correta e alto n\u00edvel de conhecimento. Aprendi e continuo aprendendo muito com a Marcia, para dar uma vida melhor as minhas aves<\/p>\n\t<\/div>\n\t<div class=\"testimonial-vcard\">\n\t\t<div class=\"testimonial-thumbnail\">\n\t\t\t<span class=\"alignleft layzr-bg\"><img decoding=\"async\" class=\"preload-me iso-lazy-load aspect\" src=\"data:image\/svg+xml,%3Csvg%20xmlns%3D&#39;http%3A%2F%2Fwww.w3.org%2F2000%2Fsvg&#39;%20viewBox%3D&#39;0%200%2060%2060&#39;%2F%3E\" data-src=\"https:\/\/www.marciaweinzettl.com.br\/wp-content\/uploads\/2016\/06\/FotoBruno-60x60.jpg\" data-srcset=\"https:\/\/www.marciaweinzettl.com.br\/wp-content\/uploads\/2016\/06\/FotoBruno-60x60.jpg 60w, https:\/\/www.marciaweinzettl.com.br\/wp-content\/uploads\/2016\/06\/FotoBruno-120x120.jpg 120w\" loading=\"eager\" style=\"--ratio: 60 \/ 60\" sizes=\"(max-width: 60px) 100vw, 60px\" width=\"60\" height=\"60\"  title=\"FotoBruno\" alt=\"\" \/><\/span>\t\t<\/div>\n\t\t<div class=\"testimonial-desc\">\n\t\t\t<span class=\"text-primary\">Bruno Martins<\/span><span class=\"text-secondary color-secondary\">cliente RJ e propriet\u00e1rio de algumas aves criadas pela Marcia<\/span>\t\t<\/div>\n\t<\/div>\n<\/article>\n\t<\/div>\n\n<\/div><\/div>[\/vc_column][\/vc_row]<\/p>","protected":false},"excerpt":{"rendered":"<p>[vc_row][vc_column][vc_empty_space][vc_separator][\/vc_column][\/vc_row][vc_row][vc_column][\/vc_column][\/vc_row]<\/p>\n","protected":false},"author":1,"featured_media":0,"parent":0,"menu_order":0,"comment_status":"closed","ping_status":"closed","template":"","meta":{"footnotes":""},"class_list":["post-36456","page","type-page","status-publish","hentry","description-off"],"_links":{"self":[{"href":"https:\/\/www.marciaweinzettl.com.br\/en\/wp-json\/wp\/v2\/pages\/36456","targetHints":{"allow":["GET"]}}],"collection":[{"href":"https:\/\/www.marciaweinzettl.com.br\/en\/wp-json\/wp\/v2\/pages"}],"about":[{"href":"https:\/\/www.marciaweinzettl.com.br\/en\/wp-json\/wp\/v2\/types\/page"}],"author":[{"embeddable":true,"href":"https:\/\/www.marciaweinzettl.com.br\/en\/wp-json\/wp\/v2\/users\/1"}],"replies":[{"embeddable":true,"href":"https:\/\/www.marciaweinzettl.com.br\/en\/wp-json\/wp\/v2\/comments?post=36456"}],"version-history":[{"count":0,"href":"https:\/\/www.marciaweinzettl.com.br\/en\/wp-json\/wp\/v2\/pages\/36456\/revisions"}],"wp:attachment":[{"href":"https:\/\/www.marciaweinzettl.com.br\/en\/wp-json\/wp\/v2\/media?parent=36456"}],"curies":[{"name":"wp","href":"https:\/\/api.w.org\/{rel}","templated":true}]}}